{"id":194,"date":"2019-09-24T06:42:59","date_gmt":"2019-09-24T09:42:59","guid":{"rendered":"http:\/\/127.0.0.1:8080\/altitude\/?page_id=194"},"modified":"2026-01-19T10:30:20","modified_gmt":"2026-01-19T13:30:20","slug":"about","status":"publish","type":"page","link":"https:\/\/rafaelmathias.adv.br\/index.php\/about\/","title":{"rendered":"Escrit\u00f3rio"},"content":{"rendered":"\t\t<div data-elementor-type=\"wp-page\" data-elementor-id=\"194\" class=\"elementor elementor-194\">\n\t\t\t\t\t\t<section class=\"elementor-section elementor-top-section elementor-element elementor-element-971c68a elementor-section-boxed elementor-section-height-default elementor-section-height-default\" data-id=\"971c68a\" data-element_type=\"section\">\n\t\t\t\t\t\t<div class=\"elementor-container elementor-column-gap-default\">\n\t\t\t\t\t<div class=\"elementor-column elementor-col-100 elementor-top-column elementor-element elementor-element-447f8ca\" data-id=\"447f8ca\" data-element_type=\"column\">\n\t\t\t<div class=\"elementor-widget-wrap elementor-element-populated\">\n\t\t\t\t\t\t<div class=\"elementor-element elementor-element-04c987a elementor-invisible elementor-widget elementor-widget-heading\" data-id=\"04c987a\" data-element_type=\"widget\" data-settings=\"{&quot;_animation&quot;:&quot;fadeInUp&quot;}\" data-widget_type=\"heading.default\">\n\t\t\t\t<div class=\"elementor-widget-container\">\n\t\t\t\t\t<h2 class=\"elementor-heading-title elementor-size-xl\">O Escrit\u00f3rio<\/h2>\t\t\t\t<\/div>\n\t\t\t\t<\/div>\n\t\t\t\t<section class=\"elementor-section elementor-inner-section elementor-element elementor-element-649e264 elementor-section-boxed elementor-section-height-default elementor-section-height-default\" data-id=\"649e264\" data-element_type=\"section\">\n\t\t\t\t\t\t<div class=\"elementor-container elementor-column-gap-default\">\n\t\t\t\t\t<div class=\"elementor-column elementor-col-50 elementor-inner-column elementor-element elementor-element-dd81677 elementor-invisible\" data-id=\"dd81677\" data-element_type=\"column\" data-settings=\"{&quot;animation&quot;:&quot;fadeInLeft&quot;}\">\n\t\t\t<div class=\"elementor-widget-wrap elementor-element-populated\">\n\t\t\t\t\t\t<div class=\"elementor-element elementor-element-b3b8a81 elementor-widget elementor-widget-text-editor\" data-id=\"b3b8a81\" data-element_type=\"widget\" data-widget_type=\"text-editor.default\">\n\t\t\t\t<div class=\"elementor-widget-container\">\n\t\t\t\t\t\t\t\t\t<p><strong>Rafael Mathias Advocacia<\/strong>\u00a0\u00e9 um escrit\u00f3rio que atua nas \u00e1reas de Direito P\u00fablico e Empresarial,\u00a0<span style=\"font-family: Roboto, sans-serif; font-size: 16px; font-style: normal; font-variant-ligatures: none; font-variant-caps: normal; font-weight: 400; text-transform: inherit;\">com foco em rela\u00e7\u00f5es do trabalho, tributa\u00e7\u00e3o, regula\u00e7\u00e3o, concess\u00f5es, parcerias p\u00fablico-privadas, licita\u00e7\u00f5es e contratos administrativos<\/span><span style=\"font-size: 16px; text-transform: inherit;\">. Fundado por Rafael de Oliveira Mathias em 2020, o escrit\u00f3rio tem sede na cidade de Gar\u00e7a, no interior de S\u00e3o Paulo, e conta com escrit\u00f3rios correspondentes na capital paulista e na regi\u00e3o sul do pa\u00eds.<\/span><\/p><p>O escrit\u00f3rio presta servi\u00e7os jur\u00eddicos abrangentes, de natureza consultiva e em lit\u00edgios administrativos, judiciais e arbitrais.<\/p><p>Oferecemos uma combina\u00e7\u00e3o \u00fanica de conhecimento t\u00e9cnico e efici\u00eancia na presta\u00e7\u00e3o de servi\u00e7os jur\u00eddicos. O escrit\u00f3rio estimula a excel\u00eancia acad\u00eamica e a forma\u00e7\u00e3o jur\u00eddica cont\u00ednua.<\/p>\t\t\t\t\t\t\t\t<\/div>\n\t\t\t\t<\/div>\n\t\t\t\t\t<\/div>\n\t\t<\/div>\n\t\t\t\t<div class=\"elementor-column elementor-col-50 elementor-inner-column elementor-element elementor-element-860879d elementor-invisible\" data-id=\"860879d\" data-element_type=\"column\" data-settings=\"{&quot;animation&quot;:&quot;fadeInRight&quot;}\">\n\t\t\t<div class=\"elementor-widget-wrap elementor-element-populated\">\n\t\t\t\t\t\t<div class=\"elementor-element elementor-element-a7c9ff2 elementor-position-left elementor-vertical-align-middle elementor-widget elementor-widget-image-box\" data-id=\"a7c9ff2\" data-element_type=\"widget\" data-widget_type=\"image-box.default\">\n\t\t\t\t<div class=\"elementor-widget-container\">\n\t\t\t\t\t<div class=\"elementor-image-box-wrapper\"><figure class=\"elementor-image-box-img\"><img fetchpriority=\"high\" decoding=\"async\" width=\"1080\" height=\"1080\" src=\"https:\/\/rafaelmathias.adv.br\/wp-content\/uploads\/2022\/10\/Visao.jpeg\" class=\"attachment-full size-full wp-image-538\" alt=\"\" srcset=\"https:\/\/rafaelmathias.adv.br\/wp-content\/uploads\/2022\/10\/Visao.jpeg 1080w, https:\/\/rafaelmathias.adv.br\/wp-content\/uploads\/2022\/10\/Visao-300x300.jpeg 300w, https:\/\/rafaelmathias.adv.br\/wp-content\/uploads\/2022\/10\/Visao-1024x1024.jpeg 1024w, https:\/\/rafaelmathias.adv.br\/wp-content\/uploads\/2022\/10\/Visao-150x150.jpeg 150w, https:\/\/rafaelmathias.adv.br\/wp-content\/uploads\/2022\/10\/Visao-768x768.jpeg 768w, https:\/\/rafaelmathias.adv.br\/wp-content\/uploads\/2022\/10\/Visao-100x100.jpeg 100w, https:\/\/rafaelmathias.adv.br\/wp-content\/uploads\/2022\/10\/Visao-200x200.jpeg 200w, https:\/\/rafaelmathias.adv.br\/wp-content\/uploads\/2022\/10\/Visao-450x450.jpeg 450w, https:\/\/rafaelmathias.adv.br\/wp-content\/uploads\/2022\/10\/Visao-600x600.jpeg 600w, https:\/\/rafaelmathias.adv.br\/wp-content\/uploads\/2022\/10\/Visao-900x900.jpeg 900w\" sizes=\"(max-width: 1080px) 100vw, 1080px\" \/><\/figure><div class=\"elementor-image-box-content\"><h3 class=\"elementor-image-box-title\">Vis\u00e3o<\/h3><p class=\"elementor-image-box-description\">Manter-se como refer\u00eancia em suas \u00e1reas de atua\u00e7\u00e3o, a fim de que seja reconhecido pelos seus clientes como um escrit\u00f3rio de advocacia qualificado e eficiente.<\/p><\/div><\/div>\t\t\t\t<\/div>\n\t\t\t\t<\/div>\n\t\t\t\t<div class=\"elementor-element elementor-element-b30ed32 elementor-position-left elementor-vertical-align-middle elementor-widget elementor-widget-image-box\" data-id=\"b30ed32\" data-element_type=\"widget\" data-widget_type=\"image-box.default\">\n\t\t\t\t<div class=\"elementor-widget-container\">\n\t\t\t\t\t<div class=\"elementor-image-box-wrapper\"><figure class=\"elementor-image-box-img\"><img decoding=\"async\" width=\"1080\" height=\"1080\" src=\"https:\/\/rafaelmathias.adv.br\/wp-content\/uploads\/2022\/10\/Missao.jpeg\" class=\"attachment-full size-full wp-image-547\" alt=\"\" srcset=\"https:\/\/rafaelmathias.adv.br\/wp-content\/uploads\/2022\/10\/Missao.jpeg 1080w, https:\/\/rafaelmathias.adv.br\/wp-content\/uploads\/2022\/10\/Missao-300x300.jpeg 300w, https:\/\/rafaelmathias.adv.br\/wp-content\/uploads\/2022\/10\/Missao-1024x1024.jpeg 1024w, https:\/\/rafaelmathias.adv.br\/wp-content\/uploads\/2022\/10\/Missao-150x150.jpeg 150w, https:\/\/rafaelmathias.adv.br\/wp-content\/uploads\/2022\/10\/Missao-768x768.jpeg 768w, https:\/\/rafaelmathias.adv.br\/wp-content\/uploads\/2022\/10\/Missao-100x100.jpeg 100w, https:\/\/rafaelmathias.adv.br\/wp-content\/uploads\/2022\/10\/Missao-200x200.jpeg 200w, https:\/\/rafaelmathias.adv.br\/wp-content\/uploads\/2022\/10\/Missao-450x450.jpeg 450w, https:\/\/rafaelmathias.adv.br\/wp-content\/uploads\/2022\/10\/Missao-600x600.jpeg 600w, https:\/\/rafaelmathias.adv.br\/wp-content\/uploads\/2022\/10\/Missao-900x900.jpeg 900w\" sizes=\"(max-width: 1080px) 100vw, 1080px\" \/><\/figure><div class=\"elementor-image-box-content\"><h3 class=\"elementor-image-box-title\">Miss\u00e3o<\/h3><p class=\"elementor-image-box-description\"><span style=\"font-family: Roboto, sans-serif; font-size: 16px; font-style: normal; font-variant-ligatures: none; font-variant-caps: normal; font-weight: 400; white-space: normal;\">Prestar servi\u00e7os jur\u00eddicos com excel\u00eancia, oferecendo solu\u00e7\u00f5es inovadoras e confi\u00e1veis para obten\u00e7\u00e3o de resultados expressivos que garantam a satisfa\u00e7\u00e3o de seus clientes.<\/span><\/p><\/div><\/div>\t\t\t\t<\/div>\n\t\t\t\t<\/div>\n\t\t\t\t\t<\/div>\n\t\t<\/div>\n\t\t\t\t\t<\/div>\n\t\t<\/section>\n\t\t\t\t\t<\/div>\n\t\t<\/div>\n\t\t\t\t\t<\/div>\n\t\t<\/section>\n\t\t\t\t<section class=\"elementor-section elementor-top-section elementor-element elementor-element-20dc65a elementor-section-full_width team-section elementor-section-height-default elementor-section-height-default\" data-id=\"20dc65a\" data-element_type=\"section\" data-settings=\"{&quot;background_background&quot;:&quot;classic&quot;,&quot;shape_divider_top&quot;:&quot;tilt&quot;,&quot;shape_divider_bottom&quot;:&quot;tilt&quot;}\">\n\t\t\t\t\t<div class=\"elementor-shape elementor-shape-top\" data-negative=\"false\">\n\t\t\t<svg xmlns=\"http:\/\/www.w3.org\/2000\/svg\" viewBox=\"0 0 1000 100\" preserveAspectRatio=\"none\">\n\t<path class=\"elementor-shape-fill\" d=\"M0,6V0h1000v100L0,6z\"\/>\n<\/svg>\t\t<\/div>\n\t\t\t\t<div class=\"elementor-shape elementor-shape-bottom\" data-negative=\"false\">\n\t\t\t<svg xmlns=\"http:\/\/www.w3.org\/2000\/svg\" viewBox=\"0 0 1000 100\" preserveAspectRatio=\"none\">\n\t<path class=\"elementor-shape-fill\" d=\"M0,6V0h1000v100L0,6z\"\/>\n<\/svg>\t\t<\/div>\n\t\t\t\t\t<div class=\"elementor-container elementor-column-gap-default\">\n\t\t\t\t\t<div class=\"elementor-column elementor-col-100 elementor-top-column elementor-element elementor-element-b00b75a\" data-id=\"b00b75a\" data-element_type=\"column\">\n\t\t\t<div class=\"elementor-widget-wrap elementor-element-populated\">\n\t\t\t\t\t\t<div class=\"elementor-element elementor-element-620e09e elementor-invisible elementor-widget elementor-widget-heading\" data-id=\"620e09e\" data-element_type=\"widget\" data-settings=\"{&quot;_animation&quot;:&quot;fadeInUp&quot;}\" data-widget_type=\"heading.default\">\n\t\t\t\t<div class=\"elementor-widget-container\">\n\t\t\t\t\t<h2 class=\"elementor-heading-title elementor-size-default\">FUNDADOR<\/h2>\t\t\t\t<\/div>\n\t\t\t\t<\/div>\n\t\t\t\t<section class=\"elementor-section elementor-inner-section elementor-element elementor-element-972a2c8 elementor-section-boxed elementor-section-height-default elementor-section-height-default\" data-id=\"972a2c8\" data-element_type=\"section\">\n\t\t\t\t\t\t<div class=\"elementor-container elementor-column-gap-default\">\n\t\t\t\t\t<div class=\"elementor-column elementor-col-100 elementor-inner-column elementor-element elementor-element-ee94c43 elementor-invisible\" data-id=\"ee94c43\" data-element_type=\"column\" data-settings=\"{&quot;background_background&quot;:&quot;classic&quot;,&quot;animation&quot;:&quot;fadeInUp&quot;}\">\n\t\t\t<div class=\"elementor-widget-wrap elementor-element-populated\">\n\t\t\t\t\t\t<div class=\"elementor-element elementor-element-33a3389 elementor-widget elementor-widget-image\" data-id=\"33a3389\" data-element_type=\"widget\" data-widget_type=\"image.default\">\n\t\t\t\t<div class=\"elementor-widget-container\">\n\t\t\t\t\t\t\t\t\t\t\t\t\t\t\t<img decoding=\"async\" width=\"210\" height=\"300\" src=\"https:\/\/rafaelmathias.adv.br\/wp-content\/uploads\/2022\/10\/Foto-210x300.jpg\" class=\"attachment-medium size-medium wp-image-499\" alt=\"\" srcset=\"https:\/\/rafaelmathias.adv.br\/wp-content\/uploads\/2022\/10\/Foto-210x300.jpg 210w, https:\/\/rafaelmathias.adv.br\/wp-content\/uploads\/2022\/10\/Foto-100x143.jpg 100w, https:\/\/rafaelmathias.adv.br\/wp-content\/uploads\/2022\/10\/Foto-150x215.jpg 150w, https:\/\/rafaelmathias.adv.br\/wp-content\/uploads\/2022\/10\/Foto-200x286.jpg 200w, https:\/\/rafaelmathias.adv.br\/wp-content\/uploads\/2022\/10\/Foto-300x429.jpg 300w, https:\/\/rafaelmathias.adv.br\/wp-content\/uploads\/2022\/10\/Foto.jpg 427w\" sizes=\"(max-width: 210px) 100vw, 210px\" \/>\t\t\t\t\t\t\t\t\t\t\t\t\t\t\t<\/div>\n\t\t\t\t<\/div>\n\t\t\t\t<div class=\"elementor-element elementor-element-507f4f1 elementor-widget elementor-widget-text-editor\" data-id=\"507f4f1\" data-element_type=\"widget\" data-widget_type=\"text-editor.default\">\n\t\t\t\t<div class=\"elementor-widget-container\">\n\t\t\t\t\t\t\t\t\t<p>\u00c9 graduado em Direito pela Universidade Estadual de Londrina (UEL) e especialista em Direito P\u00fablico pela UCDB. Foi<span style=\"font-size: 15px; text-transform: inherit;\">\u00a0aprovado em diversos concursos p\u00fablicos, dentre os quais se destaca o 8\u00ba Concurso P\u00fablico de Provas e T\u00edtulos para Outorga de Delega\u00e7\u00f5es de Notas e Registro de S\u00e3o Paulo (TJ\/SP). Foi Procurador efetivo do Munic\u00edpio de Gar\u00e7a e, atualmente, ocupa o cargo de Procurador de carreira da C\u00e2mara Municipal de Gar\u00e7a.<\/span><\/p>\t\t\t\t\t\t\t\t<\/div>\n\t\t\t\t<\/div>\n\t\t\t\t<div class=\"elementor-element elementor-element-cb7fc35 elementor-widget elementor-widget-heading\" data-id=\"cb7fc35\" data-element_type=\"widget\" data-widget_type=\"heading.default\">\n\t\t\t\t<div class=\"elementor-widget-container\">\n\t\t\t\t\t<h3 class=\"elementor-heading-title elementor-size-xl\">RAFAEL DE OLIVEIRA MATHIAS<\/h3>\t\t\t\t<\/div>\n\t\t\t\t<\/div>\n\t\t\t\t<div class=\"elementor-element elementor-element-7a0a5fc elementor-widget elementor-widget-heading\" data-id=\"7a0a5fc\" data-element_type=\"widget\" data-widget_type=\"heading.default\">\n\t\t\t\t<div class=\"elementor-widget-container\">\n\t\t\t\t\t<h6 class=\"elementor-heading-title elementor-size-small\">Advogado e Fundador<\/h6>\t\t\t\t<\/div>\n\t\t\t\t<\/div>\n\t\t\t\t\t<\/div>\n\t\t<\/div>\n\t\t\t\t\t<\/div>\n\t\t<\/section>\n\t\t\t\t\t<\/div>\n\t\t<\/div>\n\t\t\t\t\t<\/div>\n\t\t<\/section>\n\t\t\t\t<section class=\"elementor-section elementor-top-section elementor-element elementor-element-2cc48ba elementor-section-boxed elementor-section-height-default elementor-section-height-default\" data-id=\"2cc48ba\" data-element_type=\"section\">\n\t\t\t\t\t\t<div class=\"elementor-container elementor-column-gap-default\">\n\t\t\t\t\t<div class=\"elementor-column elementor-col-33 elementor-top-column elementor-element elementor-element-d3cabf1\" data-id=\"d3cabf1\" data-element_type=\"column\">\n\t\t\t<div class=\"elementor-widget-wrap elementor-element-populated\">\n\t\t\t\t\t\t<div class=\"elementor-element elementor-element-f3a24c1 elementor-widget elementor-widget-image\" data-id=\"f3a24c1\" data-element_type=\"widget\" data-widget_type=\"image.default\">\n\t\t\t\t<div class=\"elementor-widget-container\">\n\t\t\t\t\t\t\t\t\t\t\t\t\t\t\t<img decoding=\"async\" src=\"http:\/\/rafaelmathias.adv.br\/wp-content\/uploads\/2022\/10\/Timbre-Escritorio.jpg\" title=\"\" alt=\"\" loading=\"lazy\" \/>\t\t\t\t\t\t\t\t\t\t\t\t\t\t\t<\/div>\n\t\t\t\t<\/div>\n\t\t\t\t\t<\/div>\n\t\t<\/div>\n\t\t\t\t<div class=\"elementor-column elementor-col-33 elementor-top-column elementor-element elementor-element-3463d79\" data-id=\"3463d79\" data-element_type=\"column\">\n\t\t\t<div class=\"elementor-widget-wrap elementor-element-populated\">\n\t\t\t\t\t\t<div class=\"elementor-element elementor-element-6eae2aa elementor-widget elementor-widget-heading\" data-id=\"6eae2aa\" data-element_type=\"widget\" data-widget_type=\"heading.default\">\n\t\t\t\t<div class=\"elementor-widget-container\">\n\t\t\t\t\t<h4 class=\"elementor-heading-title elementor-size-default\">Links \u00dateis<\/h4>\t\t\t\t<\/div>\n\t\t\t\t<\/div>\n\t\t\t\t<div class=\"elementor-element elementor-element-926ec19 elementor-icon-list--layout-traditional elementor-list-item-link-full_width elementor-widget elementor-widget-icon-list\" data-id=\"926ec19\" data-element_type=\"widget\" data-widget_type=\"icon-list.default\">\n\t\t\t\t<div class=\"elementor-widget-container\">\n\t\t\t\t\t\t\t<ul class=\"elementor-icon-list-items\">\n\t\t\t\t\t\t\t<li class=\"elementor-icon-list-item\">\n\t\t\t\t\t\t\t\t\t\t\t<a href=\"https:\/\/rafaelmathias.adv.br\/\">\n\n\t\t\t\t\t\t\t\t\t\t\t<span class=\"elementor-icon-list-text\">In\u00edcio<\/span>\n\t\t\t\t\t\t\t\t\t\t\t<\/a>\n\t\t\t\t\t\t\t\t\t<\/li>\n\t\t\t\t\t\t\t\t<li class=\"elementor-icon-list-item\">\n\t\t\t\t\t\t\t\t\t\t\t<a href=\"#\">\n\n\t\t\t\t\t\t\t\t\t\t\t<span class=\"elementor-icon-list-text\">Atua\u00e7\u00e3o<\/span>\n\t\t\t\t\t\t\t\t\t\t\t<\/a>\n\t\t\t\t\t\t\t\t\t<\/li>\n\t\t\t\t\t\t\t\t<li class=\"elementor-icon-list-item\">\n\t\t\t\t\t\t\t\t\t\t\t<a href=\"#\">\n\n\t\t\t\t\t\t\t\t\t\t\t<span class=\"elementor-icon-list-text\">Escrit\u00f3rio<\/span>\n\t\t\t\t\t\t\t\t\t\t\t<\/a>\n\t\t\t\t\t\t\t\t\t<\/li>\n\t\t\t\t\t\t\t\t<li class=\"elementor-icon-list-item\">\n\t\t\t\t\t\t\t\t\t\t\t<a href=\"https:\/\/rafaelmathias.adv.br\/index.php\/articles\/\">\n\n\t\t\t\t\t\t\t\t\t\t\t<span class=\"elementor-icon-list-text\">Artigos<\/span>\n\t\t\t\t\t\t\t\t\t\t\t<\/a>\n\t\t\t\t\t\t\t\t\t<\/li>\n\t\t\t\t\t\t\t\t<li class=\"elementor-icon-list-item\">\n\t\t\t\t\t\t\t\t\t\t\t<a href=\"https:\/\/rafaelmathias.adv.br\/index.php\/contact\/\">\n\n\t\t\t\t\t\t\t\t\t\t\t<span class=\"elementor-icon-list-text\">Contato<\/span>\n\t\t\t\t\t\t\t\t\t\t\t<\/a>\n\t\t\t\t\t\t\t\t\t<\/li>\n\t\t\t\t\t\t<\/ul>\n\t\t\t\t\t\t<\/div>\n\t\t\t\t<\/div>\n\t\t\t\t\t<\/div>\n\t\t<\/div>\n\t\t\t\t<div class=\"elementor-column elementor-col-33 elementor-top-column elementor-element elementor-element-1c5b75c\" data-id=\"1c5b75c\" data-element_type=\"column\">\n\t\t\t<div class=\"elementor-widget-wrap elementor-element-populated\">\n\t\t\t\t\t\t<div class=\"elementor-element elementor-element-afafb96 elementor-widget elementor-widget-heading\" data-id=\"afafb96\" data-element_type=\"widget\" data-widget_type=\"heading.default\">\n\t\t\t\t<div class=\"elementor-widget-container\">\n\t\t\t\t\t<h4 class=\"elementor-heading-title elementor-size-default\">Contato<\/h4>\t\t\t\t<\/div>\n\t\t\t\t<\/div>\n\t\t\t\t<div class=\"elementor-element elementor-element-b00b5d1 elementor-position-left elementor-view-default elementor-mobile-position-top elementor-vertical-align-top elementor-widget elementor-widget-icon-box\" data-id=\"b00b5d1\" data-element_type=\"widget\" data-widget_type=\"icon-box.default\">\n\t\t\t\t<div class=\"elementor-widget-container\">\n\t\t\t\t\t\t\t<div class=\"elementor-icon-box-wrapper\">\n\n\t\t\t\t\t\t<div class=\"elementor-icon-box-icon\">\n\t\t\t\t<span  class=\"elementor-icon\">\n\t\t\t\t<i aria-hidden=\"true\" class=\"fas fa-map-marker-alt\"><\/i>\t\t\t\t<\/span>\n\t\t\t<\/div>\n\t\t\t\n\t\t\t\t\t\t<div class=\"elementor-icon-box-content\">\n\n\t\t\t\t\t\t\t\t\t<h3 class=\"elementor-icon-box-title\">\n\t\t\t\t\t\t<span  >\n\t\t\t\t\t\t\tEndere\u00e7o\t\t\t\t\t\t<\/span>\n\t\t\t\t\t<\/h3>\n\t\t\t\t\n\t\t\t\t\t\t\t\t\t<p class=\"elementor-icon-box-description\">\n\t\t\t\t\t\t<span style=\"font-family: Roboto, sans-serif; font-size: 14px; font-style: normal; font-variant-ligatures: none; font-variant-caps: normal; font-weight: 400; white-space: normal;\">Pra\u00e7a Hilmar Machado de Oliveira, n\u00ba 46, Centro - Gar\u00e7a\/SP<\/span>\t\t\t\t\t<\/p>\n\t\t\t\t\n\t\t\t<\/div>\n\t\t\t\n\t\t<\/div>\n\t\t\t\t\t\t<\/div>\n\t\t\t\t<\/div>\n\t\t\t\t<div class=\"elementor-element elementor-element-aa3f436 elementor-position-left elementor-view-default elementor-mobile-position-top elementor-vertical-align-top elementor-widget elementor-widget-icon-box\" data-id=\"aa3f436\" data-element_type=\"widget\" data-widget_type=\"icon-box.default\">\n\t\t\t\t<div class=\"elementor-widget-container\">\n\t\t\t\t\t\t\t<div class=\"elementor-icon-box-wrapper\">\n\n\t\t\t\t\t\t<div class=\"elementor-icon-box-icon\">\n\t\t\t\t<span  class=\"elementor-icon\">\n\t\t\t\t<i aria-hidden=\"true\" class=\"fas fa-envelope\"><\/i>\t\t\t\t<\/span>\n\t\t\t<\/div>\n\t\t\t\n\t\t\t\t\t\t<div class=\"elementor-icon-box-content\">\n\n\t\t\t\t\t\t\t\t\t<h3 class=\"elementor-icon-box-title\">\n\t\t\t\t\t\t<span  >\n\t\t\t\t\t\t\tE-mail\t\t\t\t\t\t<\/span>\n\t\t\t\t\t<\/h3>\n\t\t\t\t\n\t\t\t\t\t\t\t\t\t<p class=\"elementor-icon-box-description\">\n\t\t\t\t\t\t<span style=\"font-family: Roboto, sans-serif; font-size: 14px; font-style: normal; font-variant-ligatures: none; font-variant-caps: normal; font-weight: 400;\">contato@rafaelmathias.adv.br<\/span><span style=\"font-family: Roboto, sans-serif; font-size: 14px; font-style: normal; font-variant-ligatures: none; font-variant-caps: normal; font-weight: 400;\"><\/span>\t\t\t\t\t<\/p>\n\t\t\t\t\n\t\t\t<\/div>\n\t\t\t\n\t\t<\/div>\n\t\t\t\t\t\t<\/div>\n\t\t\t\t<\/div>\n\t\t\t\t<div class=\"elementor-element elementor-element-9b7c050 elementor-position-left elementor-view-default elementor-mobile-position-top elementor-vertical-align-top elementor-widget elementor-widget-icon-box\" data-id=\"9b7c050\" data-element_type=\"widget\" data-widget_type=\"icon-box.default\">\n\t\t\t\t<div class=\"elementor-widget-container\">\n\t\t\t\t\t\t\t<div class=\"elementor-icon-box-wrapper\">\n\n\t\t\t\t\t\t<div class=\"elementor-icon-box-icon\">\n\t\t\t\t<span  class=\"elementor-icon\">\n\t\t\t\t<i aria-hidden=\"true\" class=\"fas fa-phone\"><\/i>\t\t\t\t<\/span>\n\t\t\t<\/div>\n\t\t\t\n\t\t\t\t\t\t<div class=\"elementor-icon-box-content\">\n\n\t\t\t\t\t\t\t\t\t<h3 class=\"elementor-icon-box-title\">\n\t\t\t\t\t\t<span  >\n\t\t\t\t\t\t\tWhatsapp\t\t\t\t\t\t<\/span>\n\t\t\t\t\t<\/h3>\n\t\t\t\t\n\t\t\t\t\t\t\t\t\t<p class=\"elementor-icon-box-description\">\n\t\t\t\t\t\t<span style=\"font-family: Roboto, sans-serif; font-size: 14px; font-style: normal; font-variant-ligatures: none; font-variant-caps: normal; font-weight: 400; white-space: normal;\">+55 14 98226-9936<\/span>\t\t\t\t\t<\/p>\n\t\t\t\t\n\t\t\t<\/div>\n\t\t\t\n\t\t<\/div>\n\t\t\t\t\t\t<\/div>\n\t\t\t\t<\/div>\n\t\t\t\t\t<\/div>\n\t\t<\/div>\n\t\t\t\t\t<\/div>\n\t\t<\/section>\n\t\t\t\t<\/div>\n\t\t","protected":false},"excerpt":{"rendered":"<p>O Escrit\u00f3rio Rafael Mathias Advocacia\u00a0\u00e9 um escrit\u00f3rio que atua nas \u00e1reas de Direito P\u00fablico e Empresarial,\u00a0com foco em rela\u00e7\u00f5es do trabalho, tributa\u00e7\u00e3o, regula\u00e7\u00e3o, concess\u00f5es, parcerias p\u00fablico-privadas, licita\u00e7\u00f5es e contratos administrativos. Fundado por Rafael de Oliveira Mathias em 2020, o escrit\u00f3rio &hellip;<\/p>\n<p class=\"read-more\"> <a class=\"more-link\" href=\"https:\/\/rafaelmathias.adv.br\/index.php\/about\/\"> <span class=\"screen-reader-text\">Escrit\u00f3rio<\/span> Read More &raquo;<\/a><\/p>\n","protected":false},"author":1,"featured_media":0,"parent":0,"menu_order":0,"comment_status":"closed","ping_status":"closed","template":"elementor_header_footer","meta":{"footnotes":""},"_links":{"self":[{"href":"https:\/\/rafaelmathias.adv.br\/index.php\/wp-json\/wp\/v2\/pages\/194"}],"collection":[{"href":"https:\/\/rafaelmathias.adv.br\/index.php\/wp-json\/wp\/v2\/pages"}],"about":[{"href":"https:\/\/rafaelmathias.adv.br\/index.php\/wp-json\/wp\/v2\/types\/page"}],"author":[{"embeddable":true,"href":"https:\/\/rafaelmathias.adv.br\/index.php\/wp-json\/wp\/v2\/users\/1"}],"replies":[{"embeddable":true,"href":"https:\/\/rafaelmathias.adv.br\/index.php\/wp-json\/wp\/v2\/comments?post=194"}],"version-history":[{"count":3,"href":"https:\/\/rafaelmathias.adv.br\/index.php\/wp-json\/wp\/v2\/pages\/194\/revisions"}],"predecessor-version":[{"id":1350,"href":"https:\/\/rafaelmathias.adv.br\/index.php\/wp-json\/wp\/v2\/pages\/194\/revisions\/1350"}],"wp:attachment":[{"href":"https:\/\/rafaelmathias.adv.br\/index.php\/wp-json\/wp\/v2\/media?parent=194"}],"curies":[{"name":"wp","href":"https:\/\/api.w.org\/{rel}","templated":true}]}}